{"id":174,"date":"2019-07-18T08:55:18","date_gmt":"2019-07-18T08:55:18","guid":{"rendered":"https:\/\/nille.qodeinteractive.com\/?page_id=174"},"modified":"2023-03-21T08:42:39","modified_gmt":"2023-03-21T07:42:39","slug":"la-maison","status":"publish","type":"page","link":"https:\/\/justemporio.com\/index.php\/la-maison\/","title":{"rendered":"La maison"},"content":{"rendered":"<p>[vc_row content_text_aligment=\u00a0\u00bbcenter\u00a0\u00bb][vc_column]\n\t\t\t<!-- START video REVOLUTION SLIDER 6.4.11 --><p class=\"rs-p-wp-fix\"><\/p>\n\t\t\t<rs-module-wrap id=\"rev_slider_4_1_wrapper\" data-source=\"gallery\" style=\"background:transparent;padding:0;margin:0px auto;margin-top:0;margin-bottom:0;\">\n\t\t\t\t<rs-module id=\"rev_slider_4_1\" style=\"\" data-version=\"6.4.11\">\n\t\t\t\t\t<rs-slides>\n\t\t\t\t\t\t<rs-slide data-key=\"rs-4\" data-title=\"Slide\" data-in=\"o:0;\" data-out=\"a:false;\">\n\t\t\t\t\t\t\t<img loading=\"lazy\" decoding=\"async\" src=\"\/\/justemporio.com\/wp-content\/uploads\/revslider\/video-media\/pexels-cottonbro-5379135_4-scaled.jpeg\" title=\"pexels-cottonbro-5379135_4.jpeg\" width=\"2560\" height=\"1350\" class=\"rev-slidebg tp-rs-img\" data-parallax=\"off\" data-no-retina>\n\t\t\t\t\t\t\t<rs-bgvideo \n\t\t\t\t\t\t\t\tdata-video=\"w:100%;h:100%;nse:false;l:true;ptimer:true;vfc:true;\"\n\t\t\t\t\t\t\t\tdata-mp4=\"\/\/justemporio.com\/wp-content\/uploads\/2023\/03\/pexels-cottonbro-5379135.mp4\"\n\t\t\t\t\t\t\t><\/rs-bgvideo>\n<!---->\t\t\t\t\t\t<\/rs-slide>\n\t\t\t\t\t<\/rs-slides>\n\t\t\t\t\t<rs-static-layers><!--\n\t\t\t\t\t--><\/rs-static-layers>\n\t\t\t\t<\/rs-module>\n\t\t\t\t<script type=\"text\/javascript\">\n\t\t\t\t\tsetREVStartSize({c: 'rev_slider_4_1',rl:[1240,1024,778,480],el:[590,580,900,700],gw:[1100,800,700,680],gh:[590,580,580,700],type:'standard',justify:'',layout:'fullwidth',mh:\"0\"});\n\t\t\t\t\tvar\trevapi4,\n\t\t\t\t\t\ttpj;\n\t\t\t\t\tfunction revinit_revslider41() {\n\t\t\t\t\tjQuery(function() {\n\t\t\t\t\t\ttpj = jQuery;\n\t\t\t\t\t\trevapi4 = tpj(\"#rev_slider_4_1\");\n\t\t\t\t\t\tif(revapi4==undefined || revapi4.revolution == undefined){\n\t\t\t\t\t\t\trevslider_showDoubleJqueryError(\"rev_slider_4_1\");\n\t\t\t\t\t\t}else{\n\t\t\t\t\t\t\trevapi4.revolution({\n\t\t\t\t\t\t\t\tDPR:\"dpr\",\n\t\t\t\t\t\t\t\tsliderLayout:\"fullwidth\",\n\t\t\t\t\t\t\t\tduration:\"4500ms\",\n\t\t\t\t\t\t\t\tvisibilityLevels:\"1240,1024,778,480\",\n\t\t\t\t\t\t\t\tgridwidth:\"1100,800,700,680\",\n\t\t\t\t\t\t\t\tgridheight:\"590,580,580,700\",\n\t\t\t\t\t\t\t\tperspective:600,\n\t\t\t\t\t\t\t\tperspectiveType:\"local\",\n\t\t\t\t\t\t\t\teditorheight:\"590,580,900,700\",\n\t\t\t\t\t\t\t\tresponsiveLevels:\"1240,1024,778,480\",\n\t\t\t\t\t\t\t\tstartWithSlide:1,\n\t\t\t\t\t\t\t\tprogressBar:{disableProgressBar:true},\n\t\t\t\t\t\t\t\tnavigation: {\n\t\t\t\t\t\t\t\t\tonHoverStop:false\n\t\t\t\t\t\t\t\t},\n\t\t\t\t\t\t\t\tparallax: {\n\t\t\t\t\t\t\t\t\tlevels:[5,10,15,20,25,30,35,40,45,46,47,48,49,50,51,30],\n\t\t\t\t\t\t\t\t\ttype:\"scroll\",\n\t\t\t\t\t\t\t\t\torigo:\"slideCenter\",\n\t\t\t\t\t\t\t\t\tspeed:0\n\t\t\t\t\t\t\t\t},\n\t\t\t\t\t\t\t\tfallbacks: {\n\t\t\t\t\t\t\t\t\tallowHTML5AutoPlayOnAndroid:true\n\t\t\t\t\t\t\t\t},\n\t\t\t\t\t\t\t});\n\t\t\t\t\t\t}\n\t\t\t\t\t\t\n\t\t\t\t\t});\n\t\t\t\t\t} \/\/ End of RevInitScript\n\t\t\t\tvar once_revslider41 = false;\n\t\t\t\tif (document.readyState === \"loading\") {document.addEventListener('readystatechange',function() { if((document.readyState === \"interactive\" || document.readyState === \"complete\") && !once_revslider41 ) { once_revslider41 = true; revinit_revslider41();}});} else {once_revslider41 = true; revinit_revslider41();}\n\t\t\t\t<\/script>\n\t\t\t<\/rs-module-wrap>\n\t\t\t<!-- END REVOLUTION SLIDER -->\n[\/vc_column][\/vc_row][vc_row row_content_width=\u00a0\u00bbgrid\u00a0\u00bb css=\u00a0\u00bb.vc_custom_1568118735625{padding-top: 140px !important;padding-bottom: 122px !important;}\u00a0\u00bb][vc_column offset=\u00a0\u00bbvc_col-lg-6 vc_col-md-12&Prime;][vc_column_text]<\/p>\n<h4>L&rsquo;HISTOIRE<\/h4>\n<p>[\/vc_column_text][vc_column_text]<strong>Just Emporio<\/strong> est une marque haut de gamme, cr\u00e9er en 2019. La cr\u00e9ation de cette entreprise est le fruit d&rsquo;une amiti\u00e9 entre deux cousins : <strong>Fr\u00e9d\u00e9ric Da Prato &amp; J\u00e9r\u00e9mie Benamou<\/strong>. Les deux associ\u00e9s <strong>Just Emporio<\/strong> cultivent une vision de la mode propre \u00e0 leur image. H\u00e9ritiers d&rsquo;une tradition de plusieurs g\u00e9n\u00e9rations, riches de leurs voyages et de leurs rencontres \u00e0 travers le monde, ils saisissent l&rsquo;esprit des lieux et s&rsquo;en inspirent pour chacune de leur collection distribu\u00e9s en France et en Europe.[\/vc_column_text][vc_empty_space height=\u00a0\u00bb3px\u00a0\u00bb][vc_column_text]Des pi\u00e8ces de qualit\u00e9, qui allient un esprit r\u00e9solument chic et tendance, \u00e0 des couleurs neutres qui ne cessent de sublimer la qualit\u00e9 et le design.<strong> Just Emporio<\/strong> est une marque de qualit\u00e9 italienne et ne collabore qu&rsquo;avec des professionnels du secteur du luxe et du pr\u00eat-\u00e0-porter.[\/vc_column_text][vc_empty_space height=\u00a0\u00bb40px\u00a0\u00bb][\/vc_column][vc_column offset=\u00a0\u00bbvc_col-lg-6 vc_col-md-12&Prime;]<div class=\"qodef-single-image-holder   \">\n    <div class=\"qodef-si-inner\" >\n                                    <img loading=\"lazy\" decoding=\"async\" width=\"1600\" height=\"1067\" src=\"https:\/\/justemporio.com\/wp-content\/uploads\/2023\/03\/pexels-photo-9328756.jpg\" class=\"attachment-full size-full\" alt=\"\" srcset=\"https:\/\/justemporio.com\/wp-content\/uploads\/2023\/03\/pexels-photo-9328756.jpg 1600w, https:\/\/justemporio.com\/wp-content\/uploads\/2023\/03\/pexels-photo-9328756-300x200.jpg 300w, https:\/\/justemporio.com\/wp-content\/uploads\/2023\/03\/pexels-photo-9328756-1024x683.jpg 1024w, https:\/\/justemporio.com\/wp-content\/uploads\/2023\/03\/pexels-photo-9328756-768x512.jpg 768w, https:\/\/justemporio.com\/wp-content\/uploads\/2023\/03\/pexels-photo-9328756-1536x1024.jpg 1536w\" sizes=\"auto, (max-width: 1600px) 100vw, 1600px\" \/>                        <\/div>\n<\/div>[\/vc_column][\/vc_row][vc_row row_content_width=\u00a0\u00bbgrid\u00a0\u00bb css=\u00a0\u00bb.vc_custom_1679329105114{padding-top: 50px !important;padding-bottom: 122px !important;}\u00a0\u00bb][vc_column offset=\u00a0\u00bbvc_col-lg-6 vc_col-md-12&Prime;]<div class=\"qodef-single-image-holder   \">\n    <div class=\"qodef-si-inner\" >\n                                    <img loading=\"lazy\" decoding=\"async\" width=\"2250\" height=\"1500\" src=\"https:\/\/justemporio.com\/wp-content\/uploads\/2023\/03\/pexels-photo-9994104.jpg\" class=\"attachment-full size-full\" alt=\"\" srcset=\"https:\/\/justemporio.com\/wp-content\/uploads\/2023\/03\/pexels-photo-9994104.jpg 2250w, https:\/\/justemporio.com\/wp-content\/uploads\/2023\/03\/pexels-photo-9994104-300x200.jpg 300w, https:\/\/justemporio.com\/wp-content\/uploads\/2023\/03\/pexels-photo-9994104-1024x683.jpg 1024w, https:\/\/justemporio.com\/wp-content\/uploads\/2023\/03\/pexels-photo-9994104-768x512.jpg 768w, https:\/\/justemporio.com\/wp-content\/uploads\/2023\/03\/pexels-photo-9994104-1536x1024.jpg 1536w\" sizes=\"auto, (max-width: 2250px) 100vw, 2250px\" \/>                        <\/div>\n<\/div>[\/vc_column][vc_column offset=\u00a0\u00bbvc_col-lg-6 vc_col-md-12&Prime;][vc_column_text]<\/p>\n<h4>Une marque de qualite italienne<\/h4>\n<p>[\/vc_column_text][vc_column_text]Coton de tr\u00e8s haute qualit\u00e9. Notre tissu est 100% coton S\/Z 180 m2 (cette technique \u00e9vite la<br \/>\nd\u00e9formation du coton au lavage). Notre premi\u00e8re \u00e9tape pour l\u2019\u00e9laboration de notre tissu est dans le choix du fil. Nous choisissons nos cotons en fonction de la longueur des fibres qu\u2019ils contiennent.<\/p>\n<p>Ensuite nous avons opt\u00e9 pour une double torsion, S\/Z, qui permet au tissu de rester toujours stable. Il est teint avec les meilleurs colorants r\u00e9actifs du march\u00e9 pour assurer une r\u00e9sistance maximale au lavage, \u00e0 l\u2019usure et \u00e0 l\u2019abrasion. Note coton est soumis ensuite \u00e0 un traitement de finition qui garantit une stabilit\u00e9 maximale, la brillance de la couleur, et une suret\u00e9 sur la long\u00e9vit\u00e9 du coton.[\/vc_column_text][vc_empty_space height=\u00a0\u00bb3px\u00a0\u00bb][vc_column_text]<strong>Just emporio<\/strong> est attach\u00e9e \u00e0 ne travailler qu\u2019avec des professionnels du secteur textile.<br \/>\nEn travaillant en direct avec les usines sans aucun interm\u00e9diaire, <strong>just emporio<\/strong> a mis en place des r\u00e8gles de travail respectueuses de tous.<\/p>\n<p>Elle s\u2019est aussi attach\u00e9e \u00e0 ce que les usines qui participent \u00e0 la fabrication des tissus aient toutes les certifications n\u00e9cessaires pour travailler avec le march\u00e9 Europ\u00e9en (iso 9001 et REACH).[\/vc_column_text][vc_empty_space height=\u00a0\u00bb40px\u00a0\u00bb][\/vc_column][\/vc_row]<\/p>\n","protected":false},"excerpt":{"rendered":"<p>[vc_row content_text_aligment=\u00a0\u00bbcenter\u00a0\u00bb][vc_column][\/vc_column][\/vc_row][vc_row row_content_width=\u00a0\u00bbgrid\u00a0\u00bb css=\u00a0\u00bb.vc_custom_1568118735625{padding-top: 140px !important;padding-bottom: 122px !important;}\u00a0\u00bb][vc_column offset=\u00a0\u00bbvc_col-lg-6 vc_col-md-12&Prime;][vc_column_text] L&rsquo;HISTOIRE [\/vc_column_text][vc_column_text]Just Emporio est une marque haut de gamme, cr\u00e9er en 2019. La cr\u00e9ation de cette entreprise est le fruit d&rsquo;une amiti\u00e9 entre deux cousins : Fr\u00e9d\u00e9ric Da Prato &amp; J\u00e9r\u00e9mie Benamou. Les deux associ\u00e9s Just Emporio cultivent une vision de la mode propre \u00e0 leur image. H\u00e9ritiers d&rsquo;une tradition de plusieurs g\u00e9n\u00e9rations, riches de leurs voyages et de leurs rencontres \u00e0 travers le monde, ils saisissent l&rsquo;esprit des lieux et s&rsquo;en inspirent pour chacune de leur collection distribu\u00e9s en France et en Europe.[\/vc_column_text][vc_empty_space height=\u00a0\u00bb3px\u00a0\u00bb][vc_column_text]Des pi\u00e8ces de qualit\u00e9, qui allient [&hellip;]<\/p>\n","protected":false},"author":1,"featured_media":0,"parent":0,"menu_order":0,"comment_status":"closed","ping_status":"closed","template":"full-width.php","meta":{"footnotes":""},"class_list":["post-174","page","type-page","status-publish","hentry"],"_links":{"self":[{"href":"https:\/\/justemporio.com\/index.php\/wp-json\/wp\/v2\/pages\/174","targetHints":{"allow":["GET"]}}],"collection":[{"href":"https:\/\/justemporio.com\/index.php\/wp-json\/wp\/v2\/pages"}],"about":[{"href":"https:\/\/justemporio.com\/index.php\/wp-json\/wp\/v2\/types\/page"}],"author":[{"embeddable":true,"href":"https:\/\/justemporio.com\/index.php\/wp-json\/wp\/v2\/users\/1"}],"replies":[{"embeddable":true,"href":"https:\/\/justemporio.com\/index.php\/wp-json\/wp\/v2\/comments?post=174"}],"version-history":[{"count":16,"href":"https:\/\/justemporio.com\/index.php\/wp-json\/wp\/v2\/pages\/174\/revisions"}],"predecessor-version":[{"id":4029,"href":"https:\/\/justemporio.com\/index.php\/wp-json\/wp\/v2\/pages\/174\/revisions\/4029"}],"wp:attachment":[{"href":"https:\/\/justemporio.com\/index.php\/wp-json\/wp\/v2\/media?parent=174"}],"curies":[{"name":"wp","href":"https:\/\/api.w.org\/{rel}","templated":true}]}}